{"id":2704,"date":"2018-06-29T14:14:30","date_gmt":"2018-06-29T19:14:30","guid":{"rendered":"http:\/\/valuevetstay.com\/?page_id=2704"},"modified":"2022-03-02T11:00:10","modified_gmt":"2022-03-02T16:00:10","slug":"privacy-policy","status":"publish","type":"page","link":"https:\/\/valuevet.net\/es\/privacy-policy\/","title":{"rendered":"Pol\u00edtica de privacidad"},"content":{"rendered":"<p>Proteger su informaci\u00f3n privada es nuestra prioridad. Esta declaraci\u00f3n de privacidad se aplica a www.valuevet.net y Value Vet y rige la recopilaci\u00f3n y el uso de datos. A los fines de esta Pol\u00edtica de Privacidad, a menos que se indique lo contrario, todas las referencias a Value Vet incluyen www.valuevet.net, Value Vet y DI Mining, DI Captive, DI Management, Crypto Capital Club. El sitio web Value Vet es un sitio de noticias e informaci\u00f3n. Al utilizar el sitio web Value Vet, usted acepta las pr\u00e1cticas de datos que se describen en esta declaraci\u00f3n.<\/p>\n<p>Recolecci\u00f3n de su informaci\u00f3n personal<br \/>\nA fin de proporcionarle mejor los productos y servicios ofrecidos en nuestro Sitio, Value Vet puede recopilar informaci\u00f3n de identificaci\u00f3n personal, como su:<\/p>\n<p>- Nombre y apellido<br \/>\n- Direcci\u00f3n de envio<br \/>\n- Direcci\u00f3n de correo electr\u00f3nico<br \/>\n- N\u00famero de tel\u00e9fono<\/p>\n<p>Si compra los productos y servicios de Value Vet, recogemos informaci\u00f3n de facturaci\u00f3n y de tarjeta de cr\u00e9dito. Esta informaci\u00f3n se usa para completar la transacci\u00f3n de compra.<\/p>\n<p>Value Vet tambi\u00e9n puede recopilar informaci\u00f3n demogr\u00e1fica an\u00f3nima, que no es exclusiva de usted, como su:<\/p>\n<p>- A\u00f1os<br \/>\n- Ingresos del hogar<\/p>\n<p>No recopilamos ning\u00fan tipo de informaci\u00f3n personal sobre usted a menos que nos la proporcione voluntariamente. Sin embargo, es posible que deba proporcionarnos cierta informaci\u00f3n personal cuando elija usar determinados productos o servicios disponibles en el Sitio. Estos pueden incluir: (a) registrarse para una cuenta en nuestro Sitio; (b) participar en un sorteo o concurso patrocinado por nosotros o por uno de nuestros socios; (c) registrarse para ofertas especiales de terceros seleccionados; (d) envi\u00e1ndonos un mensaje de correo electr\u00f3nico; (e) enviar su tarjeta de cr\u00e9dito u otra informaci\u00f3n de pago al realizar el pedido y la compra de productos y servicios en nuestro Sitio. A saber, utilizaremos su informaci\u00f3n para, pero no limitado a, comunicarnos con usted en relaci\u00f3n con los servicios y \/ o productos que nos ha solicitado. Tambi\u00e9n podemos recopilar informaci\u00f3n personal o no personal adicional en el futuro.<\/p>\n<p>Uso de su informaci\u00f3n personal<br \/>\nValue Vet recopila y usa su informaci\u00f3n personal para operar sus sitios web y brindar los servicios que ha solicitado.<\/p>\n<p>Value Vet tambi\u00e9n puede usar su informaci\u00f3n de identificaci\u00f3n personal para informarle sobre otros productos o servicios disponibles en Value Vet y sus afiliados.<\/p>\n<p>Compartir informaci\u00f3n con terceros<br \/>\nValue Vet no vende, alquila o arrienda sus listas de clientes a terceros.<\/p>\n<p>Espor\u00e1dicamente Value Vet puede contactarlo de parte de socios de negocios externos para ofrecerle alguna oferta particular que pueda ser de su inter\u00e9s. En esos casos, su informaci\u00f3n \u00fanica de identificaci\u00f3n personal (correo electr\u00f3nico, nombre, direcci\u00f3n, n\u00famero de tel\u00e9fono) no se transfiere a un tercero. Value Vet puede compartir datos con socios confiables para ayudar a realizar un an\u00e1lisis estad\u00edstico, enviarle correos electr\u00f3nicos o correos postales, proporcionar atenci\u00f3n al cliente o para entregas. Est\u00e1 prohibida a todos los terceros la utilizaci\u00f3n de su informaci\u00f3n personal con excepci\u00f3n de proporcionar estos servicios a Value Vet, y se le pide mantenga discreci\u00f3n en lo que ata\u00f1e a la informaci\u00f3n.<\/p>\n<p>Value Vet puede divulgar su informaci\u00f3n personal, sin previo aviso, si as\u00ed lo requiere la ley o si cree de buena fe que dicha acci\u00f3n es necesaria para: (a) cumplir con los edictos de la ley o cumplir con el proceso legal notificado en Value Vet o el sitio; (b) proteger y defender los derechos o propiedad de Value Vet; y \/ o (c) actuar bajo circunstancias extremas para proteger la seguridad personal de los usuarios de Value Vet, o del p\u00fablico.<\/p>\n<p>Seguimiento del comportamiento del usuario<br \/>\nValue Vet puede realizar un seguimiento de los sitios web y las p\u00e1ginas que visitan nuestros usuarios dentro de Value Vet, para determinar que Value Vet servicios son los m\u00e1s populares. Esta informaci\u00f3n se utiliza para entregar contenido personalizado y publicidad dentro de Value Vet a clientes cuyo comportamiento indica que est\u00e1n interesados \u200b\u200ben un tema en particular.<\/p>\n<p>Informaci\u00f3n recopilada autom\u00e1ticamente<br \/>\nMcAfee Vet puede recopilar autom\u00e1ticamente informaci\u00f3n sobre el hardware y el software de su computadora. Esta informaci\u00f3n puede incluir: su direcci\u00f3n IP, tipo de navegador, nombres de dominio, horarios de acceso y direcciones de sitios web de referencia. Esta informaci\u00f3n se utiliza para la operaci\u00f3n del servicio, para mantener la calidad del servicio y para proporcionar estad\u00edsticas generales sobre el uso del sitio web Value Vet.<\/p>\n<p>Uso de cookies<br \/>\nEl sitio web Value Vet puede usar &quot;cookies&quot; para ayudarlo a personalizar su experiencia en l\u00ednea. Una cookie es un archivo de texto que un servidor de p\u00e1gina web coloca en su disco duro. Las cookies no se pueden usar para ejecutar programas o enviar virus a su computadora. Las cookies se asignan de manera exclusiva a usted, y solo pueden leerlas un servidor web en el dominio que le emiti\u00f3 la cookie.<\/p>\n<p>Uno de los prop\u00f3sitos principales de las cookies es proporcionar una funci\u00f3n de conveniencia para ahorrarle tiempo. El prop\u00f3sito de una cookie es decirle al servidor web que ha regresado a una p\u00e1gina espec\u00edfica. Por ejemplo, si personalice las p\u00e1ginas de Value Vet, o si se registra en el sitio o los servicios de Value Vet, una cookie ayuda a Value Vet a recordar su informaci\u00f3n espec\u00edfica en visitas posteriores. Esto simplifica el proceso de registrar su informaci\u00f3n personal, como direcciones de facturaci\u00f3n, direcciones de env\u00edo, etc. Cuando regrese al mismo sitio web de Value Vet, la informaci\u00f3n que introdujo podr\u00e1 ser recuperada para que pueda usar las funciones de Value Vet que haya personalizado.<\/p>\n<p>Usted tiene la capacidad de aceptar o rechazar las cookies. La mayor\u00eda de los navegadores web aceptan autom\u00e1ticamente las cookies, pero generalmente puede modificar la configuraci\u00f3n de su navegador para rechazar las cookies, si as\u00ed lo prefiere. Si elige rechazar las cookies, no podr\u00e1 disfrutar de las caracter\u00edsticas interactivas de los servicios o sitios web de Value Vet que visite.<\/p>\n<p>Campo de golf<br \/>\nEste sitio web contiene enlaces a otros sitios. Tenga en cuenta que no somos responsables del contenido o las pr\u00e1cticas de privacidad de dichos sitios. Alentamos a nuestros usuarios a estar al tanto cuando abandonan nuestro sitio y a leer las declaraciones de privacidad de cualquier otro sitio que recopile informaci\u00f3n de identificaci\u00f3n personal.<\/p>\n<p>Seguridad de su informaci\u00f3n personal<br \/>\nValue Vet protege su informaci\u00f3n personal del acceso, uso o divulgaci\u00f3n no autorizados. Value Vet usa los siguientes m\u00e9todos para este prop\u00f3sito:<\/p>\n<p>- Protocolo SSL<br \/>\n- Sucuri SiteCheck<br \/>\n- Seguridad iThemes<\/p>\n<p>Cuando la informaci\u00f3n personal (como un n\u00famero de tarjeta de cr\u00e9dito) se transmite a otros sitios web, est\u00e1 protegida mediante el uso de encriptaci\u00f3n, como el protocolo Secure Sockets Layer (SSL).<\/p>\n<p>Nos esforzamos por tomar las medidas de seguridad adecuadas para proteger contra el acceso no autorizado o la alteraci\u00f3n de su informaci\u00f3n personal. Desafortunadamente, no se puede garantizar que la transmisi\u00f3n de datos a trav\u00e9s de Internet o de cualquier red inal\u00e1mbrica sea 100% segura. Como resultado, aunque nos esforzamos por proteger su informaci\u00f3n personal, usted reconoce que: (a) existen limitaciones de seguridad y privacidad inherentes a Internet que est\u00e1n fuera de nuestro control; y (b) no se puede garantizar la seguridad, integridad y privacidad de toda la informaci\u00f3n y los datos intercambiados entre usted y nosotros a trav\u00e9s de este Sitio.<\/p>\n<p>Ni\u00f1os menores de trece a\u00f1os<br \/>\nValue Vet no recopila a sabiendas informaci\u00f3n de identificaci\u00f3n personal de ni\u00f1os menores de trece a\u00f1os. Si tiene menos de trece a\u00f1os, debe pedir permiso a sus padres o tutores para usar este sitio web.<\/p>\n<p>Comunicaciones por correo electr\u00f3nico<br \/>\nDe vez en cuando, Value Vet puede comunicarse con usted por correo electr\u00f3nico con el fin de proporcionarle avisos, ofertas promocionales, alertas, confirmaciones, encuestas u otras comunicaciones generales. Para mejorar nuestros Servicios, podemos recibir una notificaci\u00f3n cuando abra un correo electr\u00f3nico de Value Vet o haga clic en un enlace en el mismo.<\/p>\n<p>Si desea dejar de recibir comunicaciones de marketing o promocionales por correo electr\u00f3nico de Value Vet, puede optar por excluirse de dichas comunicaciones haciendo clic en el bot\u00f3n SUSCRIBIR.<\/p>\n<p>Sitios externos de almacenamiento de datos<br \/>\nPodemos almacenar sus datos en servidores proporcionados por proveedores de hosting de terceros con los cuales hemos contratado.<\/p>\n<p>Cambios a esta declaraci\u00f3n<br \/>\nValue Vet se reserva el derecho de cambiar esta Pol\u00edtica de Privacidad de vez en cuando. Le notificaremos acerca de los cambios significativos en la forma en que tratamos la informaci\u00f3n personal enviando un aviso a la direcci\u00f3n de correo electr\u00f3nico principal especificada en su cuenta, colocando un aviso destacado en nuestro sitio y \/ o actualizando cualquier informaci\u00f3n de privacidad en esta p\u00e1gina. Su uso continuo del Sitio y \/ o los Servicios disponibles a trav\u00e9s de este Sitio despu\u00e9s de dichas modificaciones constituir\u00e1 su: (a) reconocimiento de la Pol\u00edtica de privacidad modificada; y (b) acuerdo para cumplir y estar obligado por esa Pol\u00edtica.<\/p>\n<p>Informaci\u00f3n del contacto<br \/>\nValue Vet da la bienvenida a sus preguntas o comentarios con respecto a esta Declaraci\u00f3n de privacidad. Si usted cree que Value Vet no se ha adherido a esta Declaraci\u00f3n, cont\u00e1ctese con Value Vet a:<\/p>\n<p>Value Vet<br \/>\n_________________<br \/>\nNashville, Tennessee 37211<\/p>\n<p>Direcci\u00f3n de correo electr\u00f3nico:<br \/>\nccenter@valuevet.net<\/p>\n<p>N\u00famero de tel\u00e9fono:<br \/>\n(615) 244-3040<\/p>\n<p>Vigente desde el 29 de junio de 2018<\/p>","protected":false},"excerpt":{"rendered":"<p>Protecting your private information is our priority. This Statement of Privacy applies to www.valuevet.net and Value Vet and governs data collection and usage. For the purposes of this Privacy Policy, unless otherwise noted, all references to Value Vet include www.valuevet.net, Value Vet and D.I. Mining, D.I. Captive, D.I. Management, Crypto Capital Club. The Value Vet&#8230;<\/p>","protected":false},"author":1,"featured_media":0,"parent":0,"menu_order":0,"comment_status":"closed","ping_status":"closed","template":"","meta":[],"_links":{"self":[{"href":"https:\/\/valuevet.net\/es\/wp-json\/wp\/v2\/pages\/2704"}],"collection":[{"href":"https:\/\/valuevet.net\/es\/wp-json\/wp\/v2\/pages"}],"about":[{"href":"https:\/\/valuevet.net\/es\/wp-json\/wp\/v2\/types\/page"}],"author":[{"embeddable":true,"href":"https:\/\/valuevet.net\/es\/wp-json\/wp\/v2\/users\/1"}],"replies":[{"embeddable":true,"href":"https:\/\/valuevet.net\/es\/wp-json\/wp\/v2\/comments?post=2704"}],"version-history":[{"count":3,"href":"https:\/\/valuevet.net\/es\/wp-json\/wp\/v2\/pages\/2704\/revisions"}],"predecessor-version":[{"id":2707,"href":"https:\/\/valuevet.net\/es\/wp-json\/wp\/v2\/pages\/2704\/revisions\/2707"}],"wp:attachment":[{"href":"https:\/\/valuevet.net\/es\/wp-json\/wp\/v2\/media?parent=2704"}],"curies":[{"name":"wp","href":"https:\/\/api.w.org\/{rel}","templated":true}]}}