{"id":2642,"date":"2018-06-29T10:04:40","date_gmt":"2018-06-29T15:04:40","guid":{"rendered":"http:\/\/valuevetstay.com\/?page_id=2642"},"modified":"2018-09-04T10:55:00","modified_gmt":"2018-09-04T15:55:00","slug":"pet-rx","status":"publish","type":"page","link":"https:\/\/valuevet.net\/es\/pet-rx\/","title":{"rendered":"Pet Rx"},"content":{"rendered":"<p><div class=\"fw-main-row id-793bad0376e94a875aa43fa36821babd\"   >\n\t\t<div class=\"fw-container\">\n\t\t<div class=\"fw-row\">\n\t\n<div class=\"fw-col-xs-12\"  >\n    <p><\/p>\n\t<div class=\"fw-divider-space\" style=\"margin-top: 25px;\"><\/div>\n<p style=\"text-align: center;\"><em>* Value Vet solo proporcionar\u00e1 guiones escritos durante un examen veterinario. No se autorizar\u00e1 la solicitud de medicamentos recetados recibidos por correo electr\u00f3nico, fax y tel\u00e9fono de otras fuentes.<\/em><\/p>\n\t<div class=\"fw-divider-space\" style=\"margin-top: 50px;\"><\/div>\n<\/div>\n<\/div>\n\n\t<\/div>\n<\/div>\n<div class=\"fw-main-row fw-row-select id-5abe2b0bfd4033647cedc2b75f863020\"   id=\"simparica\">\n\t\t<div class=\"fw-container-fluid\">\n\t\t<div class=\"fw-row\">\n\t\n<div class=\"fw-col-xs-12\"  >\n    <div class=\"ht-heading\">\n\t\t<h2 class='ht-heading-title text-center id-8f31ae90177055e7ac2da221692bbeef ht-heading-line-on'>PRODUCTOS DE CONFIANZA<\/h2><\/div>\n<div class=\"ht-heading\">\n\t\t<h3 class='ht-heading-title text-center id-e078a578b3bbfc548653f7a20c487ab4 ht-heading-line-off'>Masticables de Simparica (sarolaner)<\/h3><\/div>\n\n\t<div class=\"fw-divider-space\" style=\"margin-top: 35px;\"><\/div>\n<\/div>\n<\/div>\n\n<div class=\"fw-row\">\n\t\n<div class=\"col-md-6 col-lg-6\"  >\n    <div class=\"seo-media-images\">\n<img src=\"https:\/\/valuevet.net\/wp-content\/uploads\/2018\/07\/Simparica-Infographic-1112x1436.jpg\" alt=\"https:\/\/valuevet.net\/wp-content\/uploads\/2018\/07\/Simparica-Infographic-1112x1436.jpg\" width=\"1112\" height=\"1436\" \/><\/div>\n<\/div>\n\n<div class=\"col-md-6 col-lg-6\"  >\n    <h3>\u00bfC\u00f3mo funciona Simparica?<\/h3><p>Simparica es una tableta masticable de gran sabor que se administra una vez al mes. Proporciona una protecci\u00f3n continua y segura contra las garrapatas y las pulgas desde el d\u00eda 1 hasta el d\u00eda 35. Eso significa que tiene margen de maniobra si se lo da a su perro unos d\u00edas tarde.<\/p><h3>\u00bfPor qu\u00e9 cambiar a Simparica?<\/h3><p>Simparica proporciona protecci\u00f3n m\u00e1xima durante todo el mes sin que disminuya la efectividad como algunas otras marcas.<\/p><div class=\"video-wrapper shortcode-container\">\n\t<iframe width=\"1000\" height=\"563\" src=\"https:\/\/www.youtube.com\/embed\/s0V3p-JpD3U?feature=oembed\" frameborder=\"0\" allow=\"autoplay; encrypted-media\" allowfullscreen><\/iframe><\/div>\n<h3>\u00bfQuieres aprender m\u00e1s sobre Simparica?<\/h3>\n<div id=\"ht-btn-1924d18df281ae7f3285bb0d13faaac5\" class=\"box-button flw\">\n\t<a target=\"_blank\" href=\"https:\/\/www.simparica.com\" class=\"ht-btn btn\">\n\t\tAprende m\u00e1s\t<\/a>\n<\/div>\n<\/div>\n<\/div>\n\n<div class=\"fw-row\">\n\t\n<div class=\"fw-col-xs-12\"  >\n    \n\t<div class=\"fw-divider-space\" style=\"margin-top: 50px;\"><\/div>\n<\/div>\n<\/div>\n\n<div class=\"fw-row\">\n\t\n<div class=\"fw-col-xs-12\"  >\n    \t<div class=\"fw-divider-line fw-divider-solid\" style=\"border-color: #f19f1f; border-style: solid; border-top-width: 3px;\"><\/div>\n\n<\/div>\n<\/div>\n\n<div class=\"fw-row\">\n\t\n<div class=\"fw-col-xs-12\"  >\n    \n\t<div class=\"fw-divider-space\" style=\"margin-top: 50px;\"><\/div>\n<\/div>\n<\/div>\n\n\t<\/div>\n<\/div>\n<div class=\"fw-main-row id-6f549b3a92496b11d19facce1095af1d\"   id=\"proheart6\">\n\t\t<div class=\"fw-container\">\n\t\t<div class=\"fw-row\">\n\t\n<div class=\"fw-col-xs-12\"  >\n    <div class=\"ht-heading\">\n\t\t<h3 class='ht-heading-title text-center id-3186bf4c21790d9fe9eb0fa851b86200 ht-heading-line-off'>ProHeart 6 (moxidectina)<\/h3><\/div>\n\n\t<div class=\"fw-divider-space\" style=\"margin-top: 35px;\"><\/div>\n<\/div>\n<\/div>\n\n\t<\/div>\n<\/div>\n<div class=\"fw-main-row fw-row-select id-af2c3d4dfcc5efd73013231b3632ea0a\"   id=\"simparica\">\n\t\t<div class=\"fw-container-fluid\">\n\t\t<div class=\"fw-row\">\n\t\n<div class=\"col-md-6 col-lg-6\"  >\n    <div class=\"seo-media-images\">\n<img src=\"https:\/\/valuevet.net\/wp-content\/uploads\/2018\/07\/Pro-heart-inforgraphic-1100x1450.jpg\" alt=\"https:\/\/valuevet.net\/wp-content\/uploads\/2018\/07\/Pro-heart-inforgraphic-1100x1450.jpg\" width=\"1100\" height=\"1450\" \/><\/div>\n<\/div>\n\n<div class=\"col-md-6 col-lg-6\"  >\n    <h3>6 meses. 1 tiro 0 preocupaciones<\/h3><p>\u00c9l es tu mejor amigo. Su amor es incondicional, y tambi\u00e9n lo es tuyo. Cuando se trata de proteger a tu mejor amigo contra la dirofilariosis, ProHeart\u00ae 6 (moxidectin) lo hace simple.<\/p><p>Con solo 1 dosis de ProHeart 6 de su veterinario, su perro tiene 6 meses de protecci\u00f3n y le da 6 meses de tranquilidad.<\/p><p id=\"last-statement\"><strong>Preg\u00fantele a su veterinario acerca de ProHeart 6.<\/strong><\/p><div class=\"video-wrapper shortcode-container\">\n\t<iframe width=\"1000\" height=\"563\" src=\"https:\/\/www.youtube.com\/embed\/JBwy3PuRSBg?feature=oembed\" frameborder=\"0\" allow=\"autoplay; encrypted-media\" allowfullscreen><\/iframe><\/div>\n<h3>\u00bfDesea obtener m\u00e1s informaci\u00f3n sobre ProHeart 6?<\/h3>\n<div id=\"ht-btn-973c0b23b96da385af8a7fd3654a28ee\" class=\"box-button flw\">\n\t<a target=\"_blank\" href=\"http:\/\/www.proheart6.com\" class=\"ht-btn btn\">\n\t\tAprende m\u00e1s\t<\/a>\n<\/div>\n<\/div>\n<\/div>\n\n<div class=\"fw-row\">\n\t\n<div class=\"fw-col-xs-12\"  >\n    \n\t<div class=\"fw-divider-space\" style=\"margin-top: 50px;\"><\/div>\n<\/div>\n<\/div>\n\n<div class=\"fw-row\">\n\t\n<div class=\"fw-col-xs-12\"  >\n    \t<div class=\"fw-divider-line fw-divider-solid\" style=\"border-color: #f19f1f; border-style: solid; border-top-width: 3px;\"><\/div>\n\n<\/div>\n<\/div>\n\n<div class=\"fw-row\">\n\t\n<div class=\"fw-col-xs-12\"  >\n    \n\t<div class=\"fw-divider-space\" style=\"margin-top: 50px;\"><\/div>\n<\/div>\n<\/div>\n\n\t<\/div>\n<\/div>\n<div class=\"fw-main-row id-da90ff1caf7ceac84bd5c8edb80d2282\"   id=\"apoquel\">\n\t\t<div class=\"fw-container\">\n\t\t<div class=\"fw-row\">\n\t\n<div class=\"fw-col-xs-12\"  >\n    <div class=\"ht-heading\">\n\t\t<h3 class='ht-heading-title text-center id-1fb47d9cf57f3aa24fe0ad43a4a79068 ht-heading-line-off'>Tableta de apoquel (oclacitinib)<\/h3><\/div>\n\n\t<div class=\"fw-divider-space\" style=\"margin-top: 35px;\"><\/div>\n<\/div>\n<\/div>\n\n\t<\/div>\n<\/div>\n<div class=\"fw-main-row fw-row-select id-5598f05ca9f0f882dafa01904ee0ffcf\"   id=\"simparica\">\n\t\t<div class=\"fw-container-fluid\">\n\t\t<div class=\"fw-row\">\n\t\n<div class=\"col-md-6 col-lg-6\"  >\n    <div class=\"seo-media-images\">\n<img src=\"https:\/\/valuevet.net\/wp-content\/uploads\/2018\/07\/Apoquel-infographic-1100x1400.jpg\" alt=\"https:\/\/valuevet.net\/wp-content\/uploads\/2018\/07\/Apoquel-infographic-1100x1400.jpg\" width=\"1100\" height=\"1400\" \/><\/div>\n<\/div>\n\n<div class=\"col-md-6 col-lg-6\"  >\n    <h3>\u00bfQu\u00e9 es Apoquel?<\/h3><p>APOQUEL es un medicamento revolucionario para la alergia al perro que va directamente a la fuente del picor para proporcionar alivio. APOQUEL es recetado por su veterinario para controlar el picor y detener la inflamaci\u00f3n asociada con la dermatitis al\u00e9rgica o at\u00f3pica en perros de 12 meses en adelante.<\/p><div class=\"video-wrapper shortcode-container\">\n\t<iframe width=\"1000\" height=\"563\" src=\"https:\/\/www.youtube.com\/embed\/C3HGJtG9vR8?feature=oembed\" frameborder=\"0\" allow=\"autoplay; encrypted-media\" allowfullscreen><\/iframe><\/div>\n<h3>\u00bfQuieres saber m\u00e1s sobre Apoquel?<\/h3>\n<div id=\"ht-btn-2a728b64c447ac3a10c66b9fb6436233\" class=\"box-button flw\">\n\t<a target=\"_blank\" href=\"https:\/\/www.apoqueldogs.com\" class=\"ht-btn btn\">\n\t\tAprende m\u00e1s\t<\/a>\n<\/div>\n<\/div>\n<\/div>\n\n<div class=\"fw-row\">\n\t\n<div class=\"fw-col-xs-12\"  >\n    \n\t<div class=\"fw-divider-space\" style=\"margin-top: 50px;\"><\/div>\n<\/div>\n<\/div>\n\n<div class=\"fw-row\">\n\t\n<div class=\"fw-col-xs-12\"  >\n    \t<div class=\"fw-divider-line fw-divider-solid\" style=\"border-color: #f19f1f; border-style: solid; border-top-width: 3px;\"><\/div>\n\n<\/div>\n<\/div>\n\n<div class=\"fw-row\">\n\t\n<div class=\"fw-col-xs-12\"  >\n    \n\t<div class=\"fw-divider-space\" style=\"margin-top: 50px;\"><\/div>\n<\/div>\n<\/div>\n\n\t<\/div>\n<\/div>\n<div class=\"fw-main-row id-bcb0e8c22ddb1eae3e44d7dc964cd9e1\"   id=\"cytopoint\">\n\t\t<div class=\"fw-container\">\n\t\t<div class=\"fw-row\">\n\t\n<div class=\"fw-col-xs-12\"  >\n    <div class=\"ht-heading\">\n\t\t<h3 class='ht-heading-title text-center id-e75976a63e83265ddff5511bfd569e81 ht-heading-line-off'>Cytopoint<\/h3><\/div>\n\n\t<div class=\"fw-divider-space\" style=\"margin-top: 35px;\"><\/div>\n<\/div>\n<\/div>\n\n\t<\/div>\n<\/div>\n<div class=\"fw-main-row fw-row-select id-8b7f943077ca4e8327a2a19d6b5c8695\"   id=\"simparica\">\n\t\t<div class=\"fw-container-fluid\">\n\t\t<div class=\"fw-row\">\n\t\n<div class=\"col-md-6 col-lg-6\"  >\n    <div class=\"video-wrapper shortcode-container\">\n\t<iframe width=\"1000\" height=\"563\" src=\"https:\/\/www.youtube.com\/embed\/0wpxCrg9tV8?feature=oembed\" frameborder=\"0\" allow=\"autoplay; encrypted-media\" allowfullscreen><\/iframe><\/div>\n<\/div>\n\n<div class=\"col-md-6 col-lg-6\"  >\n    <h3>\u00bfQu\u00e9 es Cytopoint?<\/h3><p>CYTOPOINT es una nueva terapia innovadora que se enfoca en el picor en su origen para ayudar a aliviar los signos de la dermatitis at\u00f3pica en perros durante un mes o m\u00e1s con una sola inyecci\u00f3n.<\/p><h3>\u00bfQuieres aprender m\u00e1s sobre Cytopoint?<\/h3>\n<div id=\"ht-btn-9d87133f17ad0c1d503bc02721538f84\" class=\"box-button flw\">\n\t<a target=\"_blank\" href=\"http:\/\/www.cytopoint4dogs.com\" class=\"ht-btn btn\">\n\t\tAprende m\u00e1s\t<\/a>\n<\/div>\n<\/div>\n<\/div>\n\n<div class=\"fw-row\">\n\t\n<div class=\"fw-col-xs-12\"  >\n    \n\t<div class=\"fw-divider-space\" style=\"margin-top: 35px;\"><\/div>\n<\/div>\n<\/div>\n\n<div class=\"fw-row\">\n\t\n<div class=\"fw-col-xs-12\"  >\n    \t<div class=\"fw-divider-line fw-divider-solid\" style=\"border-color: #f19f1f; border-style: solid; border-top-width: 3px;\"><\/div>\n\n<\/div>\n<\/div>\n\n<div class=\"fw-row\">\n\t\n<div class=\"fw-col-xs-12\"  >\n    \n\t<div class=\"fw-divider-space\" style=\"margin-top: 35px;\"><\/div>\n<\/div>\n<\/div>\n\n\t<\/div>\n<\/div>\n<div class=\"fw-main-row id-ab75f7b6f388308c79968f48d56eb305\"   id=\"cytopoint\">\n\t\t<div class=\"fw-container\">\n\t\t<div class=\"fw-row\">\n\t\n<div class=\"fw-col-xs-12\"  >\n    <div class=\"ht-heading\">\n\t\t<h3 class='ht-heading-title text-center id-6a08979b3376fc1265b05b3981450ada ht-heading-line-off'>REVOLUCI\u00d3N felina (selamectina)<\/h3><\/div>\n\n\t<div class=\"fw-divider-space\" style=\"margin-top: 35px;\"><\/div>\n<\/div>\n<\/div>\n\n\t<\/div>\n<\/div>\n<div class=\"fw-main-row fw-row-select id-5e6b6bc52ebb64c0cde807b381891cc5\"   id=\"simparica\">\n\t\t<div class=\"fw-container-fluid\">\n\t\t<div class=\"fw-row\">\n\t\n<div class=\"col-md-6 col-lg-6\"  >\n    <div class=\"seo-media-images\">\n<img src=\"https:\/\/valuevet.net\/wp-content\/uploads\/2018\/08\/Feline-Revolution-1100x1400.jpg\" alt=\"https:\/\/valuevet.net\/wp-content\/uploads\/2018\/08\/Feline-Revolution-1100x1400.jpg\" width=\"1100\" height=\"1400\" \/><\/div>\n<\/div>\n\n<div class=\"col-md-6 col-lg-6\"  >\n    <h3>Protecci\u00f3n 5 en 1 para tu gato<\/h3><p>REVOLUTION\u00ae (selamectina) es una soluci\u00f3n t\u00f3pica mensual no grasa, f\u00e1cil de aplicar, para gatos y gatitos de 8 semanas en adelante que protege donde otros preventivos no lo hacen.<\/p><div class=\"video-wrapper shortcode-container\">\n\t<iframe width=\"1000\" height=\"750\" src=\"https:\/\/www.youtube.com\/embed\/UoXWaCwyJS4?feature=oembed\" frameborder=\"0\" allow=\"autoplay; encrypted-media\" allowfullscreen><\/iframe><\/div>\n<h3>\u00bfQuieres saber m\u00e1s sobre Feline REVOLUTION?<\/h3>\n<div id=\"ht-btn-c5e38eb603cecb5636e5308b14bab712\" class=\"box-button flw\">\n\t<a target=\"_blank\" href=\"http:\/\/revolution4cats.com\" class=\"ht-btn btn\">\n\t\tAprende m\u00e1s\t<\/a>\n<\/div>\n<\/div>\n<\/div>\n\n<div class=\"fw-row\">\n\t\n<div class=\"fw-col-xs-12\"  >\n    \n\t<div class=\"fw-divider-space\" style=\"margin-top: 50px;\"><\/div>\n<\/div>\n<\/div>\n\n\t<\/div>\n<\/div>\n<\/p>","protected":false},"excerpt":{"rendered":"<p>*Value Vet will only provide written scripts during a veterinary examination. Request for prescription medications received via email, fax, and phone from other sources will not be authorized. TRUSTED PRODUCTS Simparica (sarolaner) chewables How does Simparica work?Simparica is a great tasting chewable tablet given once a month. It safely delivers continuous protection against ticks and&#8230;<\/p>","protected":false},"author":1,"featured_media":0,"parent":0,"menu_order":0,"comment_status":"closed","ping_status":"closed","template":"","meta":[],"_links":{"self":[{"href":"https:\/\/valuevet.net\/es\/wp-json\/wp\/v2\/pages\/2642"}],"collection":[{"href":"https:\/\/valuevet.net\/es\/wp-json\/wp\/v2\/pages"}],"about":[{"href":"https:\/\/valuevet.net\/es\/wp-json\/wp\/v2\/types\/page"}],"author":[{"embeddable":true,"href":"https:\/\/valuevet.net\/es\/wp-json\/wp\/v2\/users\/1"}],"replies":[{"embeddable":true,"href":"https:\/\/valuevet.net\/es\/wp-json\/wp\/v2\/comments?post=2642"}],"version-history":[{"count":5,"href":"https:\/\/valuevet.net\/es\/wp-json\/wp\/v2\/pages\/2642\/revisions"}],"predecessor-version":[{"id":3105,"href":"https:\/\/valuevet.net\/es\/wp-json\/wp\/v2\/pages\/2642\/revisions\/3105"}],"wp:attachment":[{"href":"https:\/\/valuevet.net\/es\/wp-json\/wp\/v2\/media?parent=2642"}],"curies":[{"name":"wp","href":"https:\/\/api.w.org\/{rel}","templated":true}]}}