{"id":2126,"date":"2017-04-26T10:17:59","date_gmt":"2017-04-26T10:17:59","guid":{"rendered":"http:\/\/valuevetstay.com\/?page_id=2126"},"modified":"2022-03-02T10:57:10","modified_gmt":"2022-03-02T15:57:10","slug":"contact","status":"publish","type":"page","link":"https:\/\/valuevet.net\/es\/contact\/","title":{"rendered":"Contacto"},"content":{"rendered":"<p><div class=\"fw-main-row id-cd0cede811dac28af3b51fdfff3d6961\"   >\n\t\t<div class=\"fw-container\">\n\t\t<div class=\"fw-row\">\n\t\n<div class=\"col-md-6 col-lg-6 has-img-custom\"  >\n    <div class=\"ht-heading\">\n\t\t<h3 class='ht-heading-title text-center id-c502a705c68435f870d1d168fc948415 ht-heading-line-off'>Informaci\u00f3n<\/h3><\/div>\n<p style=\"text-align: center;\"><i class=\"fa fa-phone margin-icon\"><\/i><strong>Tennesse<\/strong>\u00a0<a href=\"tel:(615) 244-3040\">(615) 244-3040<\/a><\/p><p style=\"text-align: center;\"><i class=\"fa fa-phone\">\u00a0<\/i><strong>Georgia<\/strong> <a href=\"tel:(770) 686-3010\">(770) 686-3010<\/a><\/p><p style=\"text-align: center;\"><i class=\"fa fa-phone\"><\/i><strong>Virginia<\/strong> <a href=\"tel:(703) 982-7400\">(703) 982-7400<\/a><\/p><p style=\"text-align: left;\">Value Vet es una empresa familiar que se ha expandido a tres estados con muchas ubicaciones para atenderlo. \u00a1Contribuimos una gran parte de nuestro \u00e9xito a nuestros excelentes precios, excelente servicio e instalaciones hermosas, y por supuesto, gracias a nuestros clientes satisfechos! No dude en comunicarse con nosotros por tel\u00e9fono o env\u00edenos un correo electr\u00f3nico aqu\u00ed a trav\u00e9s de este formulario con cualquier consulta que pueda tener. \u00a1Esperamos con inter\u00e9s escuchar de usted!<\/p><\/div>\n\n<div class=\"col-md-6 col-lg-6\"  >\n    <div class=\"ht-heading\">\n\t\t<h4 class='ht-heading-title text-center id-f112806568fffc1b902d710dbbcb2131 ht-heading-line-off'>New to Value Vet? Click the link below to establish an account or to have any questions answered.<\/h4><\/div>\n<p style=\"text-align: center;\"><a href=\"mailto:CCENTER@VALUEVET.NET\"><strong>CCENTER@VALUEVET.NET<\/strong><\/a><\/p><\/div>\n<\/div>\n\n\t<\/div>\n<\/div>\n<div class=\"fw-main-row id-e34f23a3347e5b5577daa2ffe275e979\"   >\n\t\t<div class=\"fw-container-fluid\">\n\t\t<div class=\"fw-row\">\n\t\n<div class=\"fw-col-xs-12\"  >\n    \n\t<div class=\"fw-divider-space\" style=\"margin-top: 35px;\"><\/div>\n<\/div>\n<\/div>\n\n\t<\/div>\n<\/div>\n<\/p>","protected":false},"excerpt":{"rendered":"<p>Information TN\u00a0(615) 244-3040\u00a0GA (770) 686-3010VA (703) 982-7400Value Vet is a family owned business that has expanded into three states with many locations to serve you. We contribute a large part of our success to our great prices, excellent service, and beautiful facilities, and of course, because of our satisfied customers! Feel free to reach us&#8230;<\/p>","protected":false},"author":1,"featured_media":0,"parent":0,"menu_order":0,"comment_status":"closed","ping_status":"closed","template":"","meta":[],"_links":{"self":[{"href":"https:\/\/valuevet.net\/es\/wp-json\/wp\/v2\/pages\/2126"}],"collection":[{"href":"https:\/\/valuevet.net\/es\/wp-json\/wp\/v2\/pages"}],"about":[{"href":"https:\/\/valuevet.net\/es\/wp-json\/wp\/v2\/types\/page"}],"author":[{"embeddable":true,"href":"https:\/\/valuevet.net\/es\/wp-json\/wp\/v2\/users\/1"}],"replies":[{"embeddable":true,"href":"https:\/\/valuevet.net\/es\/wp-json\/wp\/v2\/comments?post=2126"}],"version-history":[{"count":8,"href":"https:\/\/valuevet.net\/es\/wp-json\/wp\/v2\/pages\/2126\/revisions"}],"predecessor-version":[{"id":3198,"href":"https:\/\/valuevet.net\/es\/wp-json\/wp\/v2\/pages\/2126\/revisions\/3198"}],"wp:attachment":[{"href":"https:\/\/valuevet.net\/es\/wp-json\/wp\/v2\/media?parent=2126"}],"curies":[{"name":"wp","href":"https:\/\/api.w.org\/{rel}","templated":true}]}}