{"id":2047,"date":"2017-04-26T09:33:31","date_gmt":"2017-04-26T09:33:31","guid":{"rendered":"http:\/\/valuevetstay.com\/?page_id=2047"},"modified":"2022-03-02T10:59:14","modified_gmt":"2022-03-02T15:59:14","slug":"petz","status":"publish","type":"page","link":"https:\/\/valuevet.net\/es\/","title":{"rendered":"Casa"},"content":{"rendered":"<p><div class=\"fw-main-row id-539e06e2145294a2cd1bc2f39ea8a13b\"   >\n\t\t<div class=\"fw-container-fluid\">\n\t\t<div class=\"fw-row\">\n\t\n<div class=\"fw-col-xs-12\"  >\n    \t<div class=\"slider-container loading\">\r\n        <!-- Controls -->\r\n        <div class=\"slider-control left inactive\"><\/div>\r\n        <div class=\"slider-control right\"><\/div>\r\n        <ul class=\"slider-pagi\"><\/ul>\r\n        <!--Slider -->\r\n\r\n        <div class=\"slider\">\r\n\r\n            \t\t\t\t<div class=\"slide slide-0 active\" style=\"background-image:url('\/\/valuevet.net\/wp-content\/uploads\/2018\/06\/Home-Slide-2.jpg')\">\r\n               \t<div class=\"slide__bg\"><\/div>\r\n\t\t\t\t\t<div class=\"slide__content\">\r\n\t\t\t\t\t\t<div class=\"slide__overlay\">\r\n\t\t\t\t\t\t<\/div>\r\n\t\t\t\t\t\t<!-- slide text-->\r\n\t\t\t\t\t\t<div class=\"slide__text\">\r\n\t\t\t\t\t\t\t<h1 class=\"slide__text-heading\">BIENVENIDO A VALOR VETERINARIO<\/h1>\r\n\t\t\t\t\t\t\t<div class=\"hidden-mobile\">\r\n\t\t\t\t\t\t\t\t<p class=\"lead\">Orgullosamente sirviendo Middle Tennessee, Metro Atlanta y Northern Virginia. \u00bfNecesitas pedir cita? Cont\u00e1ctanos a continuaci\u00f3n!<\/p>\r\n\t\t\t\t\t\t\t\t<a href=\"https:\/\/valuevet.net\/es\/contact\/\" class=\"btn btn-default\">Cont\u00e1ctenos<\/a>\r\n\t\t\t\t\t\t\t<\/div>\r\n\t\t\t\t\t\t<\/div>\r\n\t\t\t\t\t<\/div>\r\n           \t\t<\/div>\r\n            \t\t\t\t<div class=\"slide slide-1\" style=\"background-image:url('\/\/valuevet.net\/wp-content\/uploads\/2018\/06\/Cat-Slide-1.jpg')\">\r\n               \t<div class=\"slide__bg\"><\/div>\r\n\t\t\t\t\t<div class=\"slide__content\">\r\n\t\t\t\t\t\t<div class=\"slide__overlay\">\r\n\t\t\t\t\t\t<\/div>\r\n\t\t\t\t\t\t<!-- slide text-->\r\n\t\t\t\t\t\t<div class=\"slide__text\">\r\n\t\t\t\t\t\t\t<h1 class=\"slide__text-heading\">MANTENTE ACTUALIZADO CON EL PORTAL DE PET<\/h1>\r\n\t\t\t\t\t\t\t<div class=\"hidden-mobile\">\r\n\t\t\t\t\t\t\t\t<p class=\"lead\">Nuestro &quot;Portal de Mascotas&quot; les permite a nuestros due\u00f1os de mascotas tener acceso a la informaci\u00f3n de sus mascotas.<\/p>\r\n\t\t\t\t\t\t\t\t<a href=\"https:\/\/clientportal.vetrefportal.com\/ValueVet\" class=\"btn btn-default\">PORTAL DE PET<\/a>\r\n\t\t\t\t\t\t\t<\/div>\r\n\t\t\t\t\t\t<\/div>\r\n\t\t\t\t\t<\/div>\r\n           \t\t<\/div>\r\n            \t\t\t\t<div class=\"slide slide-2\" style=\"background-image:url('\/\/valuevet.net\/wp-content\/uploads\/2018\/06\/Pet-RX1.jpg')\">\r\n               \t<div class=\"slide__bg\"><\/div>\r\n\t\t\t\t\t<div class=\"slide__content\">\r\n\t\t\t\t\t\t<div class=\"slide__overlay\">\r\n\t\t\t\t\t\t<\/div>\r\n\t\t\t\t\t\t<!-- slide text-->\r\n\t\t\t\t\t\t<div class=\"slide__text\">\r\n\t\t\t\t\t\t\t<h1 class=\"slide__text-heading\">\u00bfNECESITA MEDICACI\u00d3N?<\/h1>\r\n\t\t\t\t\t\t\t<div class=\"hidden-mobile\">\r\n\t\t\t\t\t\t\t\t<p class=\"lead\">Nuestra sincera promesa de proporcionar \u00fanicamente productos que est\u00e9n 100% garantizados por el fabricante. Con nosotros, su mascota recibir\u00e1 productos seguros y de calidad.<\/p>\r\n\t\t\t\t\t\t\t\t<a href=\"https:\/\/clientportal.vetrefportal.com\/ValueVet\" class=\"btn btn-default\">PORTAL DE PET<\/a>\r\n\t\t\t\t\t\t\t<\/div>\r\n\t\t\t\t\t\t<\/div>\r\n\t\t\t\t\t<\/div>\r\n           \t\t<\/div>\r\n                    <\/div>\r\n\r\n\t\t<!--\/\/Slider-->\r\n\r\n\t\t<!--shape-->\r\n\t\t<svg id=\"curveUp\" xmlns=\"http:\/\/www.w3.org\/2000\/svg\" version=\"1.1\" width=\"100%\" height=\"100\" viewbox=\"0 0 100 100\" preserveaspectratio=\"none\" fill=\"#fff\">\r\n\t\t\t<path d=\"M0 100 C 20 0 50 0 100 100 Z\"><\/path>\r\n\t\t<\/svg>\r\n        \r\n        <div class=\"ht-slider-overlay\">\r\n            <div class=\"ht-spinner\">\r\n                <div class=\"ht-bounce\"><\/div>\r\n            <\/div>\r\n        <\/div>\r\n    <\/div>\r\n<\/div>\n<\/div>\n\n<div class=\"fw-row\">\n\t\n<div class=\"fw-col-xs-12\"  >\n    \n\t<div class=\"fw-divider-space\" style=\"margin-top: 10px;\"><\/div>\n<\/div>\n<\/div>\n\n\t<\/div>\n<\/div>\n<div class=\"fw-main-row fw-row-select id-9fe057469482083e00a8a307a8d24d31\"   >\n\t\t<div class=\"fw-container\">\n\t\t<div class=\"fw-row\">\n\t\n<div class=\"fw-col-xs-12 fw-col-sm-2\"  >\n    <\/div>\n\n<div class=\"col-md-8 col-lg-8\"  >\n    <div class=\"ht-heading\">\n\t\t<h2 class='ht-heading-title text-center id-800e9f706175bc3b2bc033997bad15b3 ht-heading-line-on'>NUESTROS SERVICIOS<\/h2><\/div>\n\n\t<div class=\"fw-divider-space\" style=\"margin-top: 20px;\"><\/div>\n<\/div>\n\n<div class=\"fw-col-xs-12 fw-col-sm-2\"  >\n    <\/div>\n<\/div>\n\n\t<\/div>\n<\/div>\n<div class=\"fw-main-row fw-row-select id-09184dedf03c41a5cd28694110c6460b\"   >\n\t\t<div class=\"fw-container-fluid\">\n\t\t<div class=\"fw-row\">\n\t\n<div class=\"fw-col-xs-12 fw-col-sm-2\"  >\n    <\/div>\n\n<div class=\"col-md-8 col-lg-8\"  >\n    <p style=\"text-align: center;\">Value Vet es una empresa familiar que se ha expandido a tres estados con muchas ubicaciones para servirle, Middle Tennessee, Metro Atlanta y Northern Virginia. \u00a1Contribuimos una gran parte de nuestro \u00e9xito a nuestros excelentes precios, excelente servicio e instalaciones hermosas, y por supuesto, gracias a nuestros clientes satisfechos! Todos en Value Vet adoran lo que hacen, y se nota en su atenci\u00f3n hacia usted y su mascota.<\/p>\n\t<div class=\"fw-divider-space\" style=\"margin-top: 20px;\"><\/div>\n<div class=\"ht-services-crs\">\n\t\t\t<div class=\"box_icon text-center\">\n\t       \t<div class=\"icon\">\n\t          \t<div class=\"image\">\n\t          \t\t<img src=\"https:\/\/valuevet.net\/wp-content\/uploads\/2018\/08\/Vaccinations-Featured-b.jpg\" alt=\"Srevice image thumbnail\">\n\t          \t<\/div>\n\t          \t<div class=\"info\">\n\t             \t<h4>VACUNACIONES<\/h4>\n\t             \t<p><\/p>\n\t\t\t\t\t \t             \t\t<a href=\"https:\/\/valuevet.net\/es\/services\/vaccinations\/\" class=\"btn\">Read more<\/a>\n\t\t\t\t\t\t          \t<\/div>\n\t       <\/div>\n\t    <\/div>\n\t\t\t<div class=\"box_icon text-center\">\n\t       \t<div class=\"icon\">\n\t          \t<div class=\"image\">\n\t          \t\t<img src=\"https:\/\/valuevet.net\/wp-content\/uploads\/2018\/08\/Prevention-Featured-b.jpg\" alt=\"Srevice image thumbnail\">\n\t          \t<\/div>\n\t          \t<div class=\"info\">\n\t             \t<h4>PREVENCI\u00d3N<\/h4>\n\t             \t<p><\/p>\n\t\t\t\t\t \t             \t\t<a href=\"https:\/\/valuevet.net\/es\/services\/prevention\/\" class=\"btn\">Read more<\/a>\n\t\t\t\t\t\t          \t<\/div>\n\t       <\/div>\n\t    <\/div>\n\t\t\t<div class=\"box_icon text-center\">\n\t       \t<div class=\"icon\">\n\t          \t<div class=\"image\">\n\t          \t\t<img src=\"https:\/\/valuevet.net\/wp-content\/uploads\/2018\/08\/Exams-b.jpg\" alt=\"Srevice image thumbnail\">\n\t          \t<\/div>\n\t          \t<div class=\"info\">\n\t             \t<h4>M\u00c1S SERVICIOS E INFORMACI\u00d3N<\/h4>\n\t             \t<p><\/p>\n\t\t\t\t\t \t             \t\t<a href=\"https:\/\/valuevet.net\/es\/services\/additional-services\/\" class=\"btn\">Read more<\/a>\n\t\t\t\t\t\t          \t<\/div>\n\t       <\/div>\n\t    <\/div>\n\t\t\t<div class=\"box_icon text-center\">\n\t       \t<div class=\"icon\">\n\t          \t<div class=\"image\">\n\t          \t\t<img src=\"https:\/\/valuevet.net\/wp-content\/uploads\/2018\/08\/Vaccination-Series-Featured-b.jpg\" alt=\"Srevice image thumbnail\">\n\t          \t<\/div>\n\t          \t<div class=\"info\">\n\t             \t<h4>NUEVO CACHORRO \/ GATITO<\/h4>\n\t             \t<p><\/p>\n\t\t\t\t\t \t             \t\t<a href=\"https:\/\/valuevet.net\/es\/services\/puppy-kitten-vaccination-series\/\" class=\"btn\">Read more<\/a>\n\t\t\t\t\t\t          \t<\/div>\n\t       <\/div>\n\t    <\/div>\n\t<\/div><\/div>\n\n<div class=\"fw-col-xs-12 fw-col-sm-2\"  >\n    <\/div>\n<\/div>\n\n\t<\/div>\n<\/div>\n<div class=\"fw-main-row id-35381598e9b0da3343e8a62d8def9d75\"   >\n\t\t<div class=\"fw-container\">\n\t\t<div class=\"fw-row\">\n\t\n<div class=\"fw-col-xs-12\"  >\n    \t<div class=\"fw-divider-line fw-divider-dotted\" style=\"border-color: #fbe6cf; border-style: dotted; border-top-width: 2px;\"><\/div>\n\n<\/div>\n<\/div>\n\n\t<\/div>\n<\/div>\n<div class=\"fw-main-row fw-row-select id-23d8ec3672dc0a5138c819515ffbf72f\"   >\n\t\t<div class=\"fw-container\">\n\t\t<div class=\"fw-row\">\n\t\n<div class=\"col-md-6 col-lg-6\"  data-start=\"right: 10%;\" data-center=\"right:0%;\">\n    <div class=\"seo-media-images\">\n<img src=\"https:\/\/valuevet.net\/wp-content\/uploads\/2018\/08\/Puppy-Kitten-Series4-800x600.jpg\" alt=\"https:\/\/valuevet.net\/wp-content\/uploads\/2018\/08\/Puppy-Kitten-Series4-800x600.jpg\" width=\"800\" height=\"600\" \/><\/div>\n<\/div>\n\n<div class=\"col-md-6 col-lg-6\"  >\n    \n\t<div class=\"fw-divider-space\" style=\"margin-top: 85px;\"><\/div>\n<div class=\"ht-heading\">\n\t\t<h4 class='ht-heading-title text-left id-f50da536216a84a51a3a1f6c30ab9f60 ht-heading-line-off'>Tengo un nuevo cachorro \/ gatito, \u00bfahora qu\u00e9 hago? <\/h4><\/div>\n<p>\u00a1Te tenemos cubierto! Consulte nuestros calendarios de vacunaci\u00f3n de la serie para asegurarse de que su peque\u00f1a bola de pelo sea lo m\u00e1s saludable posible.<\/p>\n\t<div class=\"fw-divider-space\" style=\"margin-top: 20px;\"><\/div>\n\n<div id=\"ht-btn-cf0a551f1122a8d5f0a0e5c10cba5994\" class=\"box-button flw\">\n\t<a target=\"_self\" href=\"https:\/\/valuevet.net\/es\/services\/puppy-kitten-vaccination-series\/\" class=\"ht-btn btn\">\n\t\tSerie de Vacunaci\u00f3n\t<\/a>\n<\/div>\n<\/div>\n<\/div>\n\n<div class=\"fw-row\">\n\t\n<div class=\"fw-col-xs-12\"  >\n    \n\t<div class=\"fw-divider-space\" style=\"margin-top: 25px;\"><\/div>\n<\/div>\n<\/div>\n\n\t<\/div>\n<\/div>\n<div class=\"fw-main-row id-a2c6d2951a5da072757a586431aa9196\" style=\"background-color:#ffefd5;background-image:url(https:\/\/valuevet.net\/wp-content\/uploads\/2018\/08\/Pet-Portal-background.png);background-repeat:no-repeat;background-size:contain;background-position:bottom right;\"  >\n\t\t<div class=\"fw-container\">\n\t\t<div class=\"fw-row\">\n\t\n<div class=\"fw-col-xs-12\"  >\n    \n\t<div class=\"fw-divider-space\" style=\"margin-top: 20px;\"><\/div>\n<\/div>\n<\/div>\n\n<div class=\"fw-row\">\n\t\n<div class=\"fw-col-xs-12\"  >\n    <div class=\"ht-heading\">\n\t\t<h2 class='ht-heading-title text-center id-eb768561d058b3490d995eb9a17e602a ht-heading-line-on'>PORTAL DE PET<\/h2><\/div>\n<\/div>\n<\/div>\n\n<div class=\"fw-row\">\n\t\n<div class=\"fw-col-xs-12\"  >\n    \n\t<div class=\"fw-divider-space\" style=\"margin-top: 20px;\"><\/div>\n<\/div>\n<\/div>\n\n<div class=\"fw-row\">\n\t\n<div class=\"fw-col-xs-12\"  >\n    <h3 class=\"title bottom-2\">Payment Options &amp; Pet Portal<\/h3><p><strong>Our \"Pet Portal\" puts you in charge of your pets health. Sign up to view your pets records, receive alerts, request appointments, refill prescriptions, browse your history, pay invoices, or to contact our offices. You will LOVE the convenience.<\/strong><\/p><p><strong>1.<\/strong> El pago se requiere en su totalidad cuando se prestan los servicios. Para enfocarnos en las necesidades de nuestros pacientes, servicio al cliente y minimizar costos, no facturamos.<br \/><strong>2.<\/strong> Aceptamos tarjetas de d\u00e9bito, tarjetas de cr\u00e9dito (Visa, Mastercard, Discover, American Express) y efectivo. No aceptamos cheques.<br \/><strong>3.<\/strong> Cuando una enfermedad inesperada golpea a una mascota, tambi\u00e9n se producen gastos inesperados. Value Vet entiende esto y (sujeto a aprobaci\u00f3n) podemos ofrecer arreglos de pago a trav\u00e9s del programa CareCredit. Solo toma unos minutos completar una solicitud y, una vez aprobado, Care Credit le permitir\u00e1 dividir su pago en cuotas mensuales sin intereses. Puede solicitarlo por tel\u00e9fono a <a href=\"tel:1-800-677-0718\">1-800-677-0718<\/a> o en l\u00ednea en: <a href=\"http:\/\/www.CareCredit.com\">www.CareCredit.com<\/a>.<\/p><\/div>\n<\/div>\n\n<div class=\"fw-row\">\n\t\n<div class=\"fw-col-xs-12\"  >\n    \n<div id=\"ht-btn-070c871c3e69626e3e0179468d4a2642\" class=\"box-button flw\">\n\t<a target=\"_blank\" href=\"https:\/\/clientportal.vetrefportal.com\/ValueVet\" class=\"ht-btn btn\">\n\t\tPORTAL DE PET\t<\/a>\n<\/div>\n<\/div>\n<\/div>\n\n<div class=\"fw-row\">\n\t\n<div class=\"fw-col-xs-12\"  >\n    \n\t<div class=\"fw-divider-space\" style=\"margin-top: 35px;\"><\/div>\n<\/div>\n<\/div>\n\n\t<\/div>\n<\/div>\n<div class=\"fw-main-row id-53a69654bc2c1101ba461a41ebd34b29\" style=\"background-image:url(https:\/\/valuevet.net\/wp-content\/uploads\/2018\/06\/Contact-Dog2.jpg);background-repeat:no-repeat;background-size:contain;background-position:bottom right;background-attachment:fixed;\"  >\n\t\t<div class=\"fw-container\">\n\t\t<div class=\"fw-row\">\n\t\n<div class=\"fw-col-xs-12\"  >\n    \n\t<div class=\"fw-divider-space\" style=\"margin-top: 100px;\"><\/div>\n<div class=\"ht-heading\">\n\t\t<h2 class='ht-heading-title text-center id-b2097502b109a7ad219edba15b213231 ht-heading-line-on'>CONT\u00c1CTENOS<\/h2><\/div>\n<p style=\"text-align: center;\">Value Vet es una empresa familiar que se ha expandido a tres estados con muchas ubicaciones para atenderlo. \u00a1Contribuimos una gran parte de nuestro \u00e9xito a nuestros excelentes precios, excelente servicio e instalaciones hermosas, y por supuesto, gracias a nuestros clientes satisfechos! No dude en comunicarse con nosotros por tel\u00e9fono o env\u00edenos un correo electr\u00f3nico aqu\u00ed a trav\u00e9s de este formulario con cualquier consulta que pueda tener. \u00a1Esperamos con inter\u00e9s escuchar de usted!<\/p><\/div>\n<\/div>\n\n<div class=\"fw-row\">\n\t\n<div class=\"col-md-7 col-lg-7\"  >\n    \n\t<div class=\"fw-divider-space\" style=\"margin-top: 50px;\"><\/div>\n<div class=\"ht-heading\">\n\t\t<h4 class='ht-heading-title text-left id-57307b41764a2204bdc13dd17b047c14 ht-heading-line-off'>Mandanos un mensaje<\/h4><\/div>\n<p><script type=\"text\/javascript\">var gform;gform||(document.addEventListener(\"gform_main_scripts_loaded\",function(){gform.scriptsLoaded=!0}),window.addEventListener(\"DOMContentLoaded\",function(){gform.domLoaded=!0}),gform={domLoaded:!1,scriptsLoaded:!1,initializeOnLoaded:function(o){gform.domLoaded&&gform.scriptsLoaded?o():!gform.domLoaded&&gform.scriptsLoaded?window.addEventListener(\"DOMContentLoaded\",o):document.addEventListener(\"gform_main_scripts_loaded\",o)},hooks:{action:{},filter:{}},addAction:function(o,n,r,t){gform.addHook(\"action\",o,n,r,t)},addFilter:function(o,n,r,t){gform.addHook(\"filter\",o,n,r,t)},doAction:function(o){gform.doHook(\"action\",o,arguments)},applyFilters:function(o){return gform.doHook(\"filter\",o,arguments)},removeAction:function(o,n){gform.removeHook(\"action\",o,n)},removeFilter:function(o,n,r){gform.removeHook(\"filter\",o,n,r)},addHook:function(o,n,r,t,i){null==gform.hooks[o][n]&&(gform.hooks[o][n]=[]);var e=gform.hooks[o][n];null==i&&(i=n+\"_\"+e.length),gform.hooks[o][n].push({tag:i,callable:r,priority:t=null==t?10:t})},doHook:function(n,o,r){var t;if(r=Array.prototype.slice.call(r,1),null!=gform.hooks[n][o]&&((o=gform.hooks[n][o]).sort(function(o,n){return o.priority-n.priority}),o.forEach(function(o){\"function\"!=typeof(t=o.callable)&&(t=window[t]),\"action\"==n?t.apply(null,r):r[0]=t.apply(null,r)})),\"filter\"==n)return r[0]},removeHook:function(o,n,t,i){var r;null!=gform.hooks[o][n]&&(r=(r=gform.hooks[o][n]).filter(function(o,n,r){return!!(null!=i&&i!=o.tag||null!=t&&t!=o.priority)}),gform.hooks[o][n]=r)}});<\/script>\n                <div class='gf_browser_gecko gform_wrapper gform_legacy_markup_wrapper' id='gform_wrapper_3' ><div id='gf_3' class='gform_anchor' tabindex='-1'><\/div><form method='post' enctype='multipart\/form-data' target='gform_ajax_frame_3' id='gform_3'  action='\/es\/wp-json\/wp\/v2\/pages\/2047#gf_3' data-trp-original-action=\"\/es\/wp-json\/wp\/v2\/pages\/2047#gf_3\" >\n                        <div class='gform_body gform-body'><ul id='gform_fields_3' class='gform_fields top_label form_sublabel_below description_below'><li id=\"field_3_1\" class=\"gfield gfield_contains_required field_sublabel_below field_description_below gfield_visibility_visible\" ><label class='gfield_label gfield_label_before_complex'  >Nombre<span class=\"gfield_required\"><span class=\"gfield_required gfield_required_asterisk\">*<\/span><\/span><\/label><div class='ginput_complex ginput_container no_prefix has_first_name no_middle_name no_last_name no_suffix gf_name_has_1 ginput_container_name' id='input_3_1'>\n                            \n                            <span id='input_3_1_3_container' class='name_first' >\n                                                    <input type='text' name='input_1.3' id='input_3_1_3' value='' tabindex='2'  aria-required='true'     \/>\n                                                    <label for='input_3_1_3' >Nombre<\/label>\n                                                <\/span>\n                            \n                            \n                            \n                        <\/div><\/li><li id=\"field_3_2\" class=\"gfield gfield_contains_required field_sublabel_below field_description_below gfield_visibility_visible\" ><label class='gfield_label gfield_label_before_complex'  >Email<span class=\"gfield_required\"><span class=\"gfield_required gfield_required_asterisk\">*<\/span><\/span><\/label><div class='ginput_complex ginput_container ginput_container_email' id='input_3_2_container'>\n                                <span id='input_3_2_1_container' class='ginput_left'>\n                                    <input class='' type='text' name='input_2' id='input_3_2' value='' tabindex='6'   aria-required=\"true\" aria-invalid=\"false\"  \/>\n                                    <label for='input_3_2' >Introduce un email<\/label>\n                                <\/span>\n                                <span id='input_3_2_2_container' class='ginput_right'>\n                                    <input class='' type='text' name='input_2_2' id='input_3_2_2' value='' tabindex='7'   aria-required=\"true\" aria-invalid=\"false\"  \/>\n                                    <label for='input_3_2_2' >Confirmar email<\/label>\n                                <\/span>\n                                <div class='gf_clear gf_clear_complex'><\/div>\n                            <\/div><\/li><li id=\"field_3_3\" class=\"gfield gfield_contains_required field_sublabel_below field_description_below gfield_visibility_visible\" ><label class='gfield_label' for='input_3_3' >Tema<span class=\"gfield_required\"><span class=\"gfield_required gfield_required_asterisk\">*<\/span><\/span><\/label><div class='ginput_container ginput_container_textarea'><textarea name='input_3' id='input_3_3' class='textarea medium' tabindex='8'    aria-required=\"true\" aria-invalid=\"false\"   rows='10' cols='50'><\/textarea><\/div><\/li><li id=\"field_3_4\" class=\"gfield gform_validation_container field_sublabel_below field_description_below gfield_visibility_visible\" ><label class='gfield_label' for='input_3_4' >Tel\u00e9fono<\/label><div class='ginput_container'><input name='input_4' id='input_3_4' type='text' value='' \/><\/div><div class='gfield_description' id='gfield_description_3_4'>Este campo es un campo de validaci\u00f3n y debe quedar sin cambios.<\/div><\/li><\/ul><\/div>\n        <div class='gform_footer top_label'> <input type='submit' id='gform_submit_button_3' class='gform_button button' value='Submit' tabindex='9' onclick='if(window[\"gf_submitting_3\"]){return false;}  window[\"gf_submitting_3\"]=true;  ' onkeypress='if( event.keyCode == 13 ){ if(window[\"gf_submitting_3\"]){return false;} window[\"gf_submitting_3\"]=true;  jQuery(\"#gform_3\").trigger(\"submit\",[true]); }' \/> <input type='hidden' name='gform_ajax' value='form_id=3&amp;title=&amp;description=&amp;tabindex=1' \/>\n            <input type='hidden' class='gform_hidden' name='is_submit_3' value='1' \/>\n            <input type='hidden' class='gform_hidden' name='gform_submit' value='3' \/>\n            \n            <input type='hidden' class='gform_hidden' name='gform_unique_id' value='' \/>\n            <input type='hidden' class='gform_hidden' name='state_3' value='WyJbXSIsIjhkNWQyZDI3ZDNhODdhMDdmYjYyMjQ2NjdiZjJjNmZiIl0=' \/>\n            <input type='hidden' class='gform_hidden' name='gform_target_page_number_3' id='gform_target_page_number_3' value='0' \/>\n            <input type='hidden' class='gform_hidden' name='gform_source_page_number_3' id='gform_source_page_number_3' value='1' \/>\n            <input type='hidden' name='gform_field_values' value='' \/>\n            \n        <\/div>\n                        <input type=\"hidden\" name=\"trp-form-language\" value=\"es\"\/><\/form>\n                        <\/div>\n                <iframe style='display:none;width:0px;height:0px;' src='about:blank' name='gform_ajax_frame_3' id='gform_ajax_frame_3' title='Este iframe contiene la l\u00f3gica necesaria para gestionar formularios con ajax activado.'><\/iframe>\n                <script type=\"text\/javascript\">\ngform.initializeOnLoaded( function() {gformInitSpinner( 3, 'https:\/\/valuevet.net\/wp-content\/plugins\/gravityforms\/images\/spinner.svg' );jQuery('#gform_ajax_frame_3').on('load',function(){var contents = jQuery(this).contents().find('*').html();var is_postback = contents.indexOf('GF_AJAX_POSTBACK') >= 0;if(!is_postback){return;}var form_content = jQuery(this).contents().find('#gform_wrapper_3');var is_confirmation = jQuery(this).contents().find('#gform_confirmation_wrapper_3').length > 0;var is_redirect = contents.indexOf('gformRedirect(){') >= 0;var is_form = form_content.length > 0 && ! is_redirect && ! is_confirmation;var mt = parseInt(jQuery('html').css('margin-top'), 10) + parseInt(jQuery('body').css('margin-top'), 10) + 100;if(is_form){jQuery('#gform_wrapper_3').html(form_content.html());if(form_content.hasClass('gform_validation_error')){jQuery('#gform_wrapper_3').addClass('gform_validation_error');} else {jQuery('#gform_wrapper_3').removeClass('gform_validation_error');}setTimeout( function() { \/* delay the scroll by 50 milliseconds to fix a bug in chrome *\/ jQuery(document).scrollTop(jQuery('#gform_wrapper_3').offset().top - mt); }, 50 );if(window['gformInitDatepicker']) {gformInitDatepicker();}if(window['gformInitPriceFields']) {gformInitPriceFields();}var current_page = jQuery('#gform_source_page_number_3').val();gformInitSpinner( 3, 'https:\/\/valuevet.net\/wp-content\/plugins\/gravityforms\/images\/spinner.svg' );jQuery(document).trigger('gform_page_loaded', [3, current_page]);window['gf_submitting_3'] = false;}else if(!is_redirect){var confirmation_content = jQuery(this).contents().find('.GF_AJAX_POSTBACK').html();if(!confirmation_content){confirmation_content = contents;}setTimeout(function(){jQuery('#gform_wrapper_3').replaceWith(confirmation_content);jQuery(document).scrollTop(jQuery('#gf_3').offset().top - mt);jQuery(document).trigger('gform_confirmation_loaded', [3]);window['gf_submitting_3'] = false;wp.a11y.speak(jQuery('#gform_confirmation_message_3').text());}, 50);}else{jQuery('#gform_3').append(contents);if(window['gformRedirect']) {gformRedirect();}}jQuery(document).trigger('gform_post_render', [3, current_page]);} );} );\n<\/script>\n<\/p>\n\t<div class=\"fw-divider-space\" style=\"margin-top: 50px;\"><\/div>\n<\/div>\n\n<div class=\"col-md-5 col-lg-5\"  >\n    <\/div>\n<\/div>\n\n\t<\/div>\n<\/div>\n<\/p>","protected":false},"excerpt":{"rendered":"<p>WELCOME TO VALUE VET Proudly serving Middle Tennessee, Metro Atlanta &amp; Northern Virginia. Need to make an appointment? Contact us below! Contact Us STAY UPDATED WITH PET PORTAL Our &#8220;Pet Portal&#8221; allows our pet owners to have access to their pets information. PET PORTAL NEED MEDICATION? Our sincere promise to only provide products that are&#8230;<\/p>","protected":false},"author":1,"featured_media":0,"parent":0,"menu_order":0,"comment_status":"closed","ping_status":"closed","template":"","meta":[],"_links":{"self":[{"href":"https:\/\/valuevet.net\/es\/wp-json\/wp\/v2\/pages\/2047"}],"collection":[{"href":"https:\/\/valuevet.net\/es\/wp-json\/wp\/v2\/pages"}],"about":[{"href":"https:\/\/valuevet.net\/es\/wp-json\/wp\/v2\/types\/page"}],"author":[{"embeddable":true,"href":"https:\/\/valuevet.net\/es\/wp-json\/wp\/v2\/users\/1"}],"replies":[{"embeddable":true,"href":"https:\/\/valuevet.net\/es\/wp-json\/wp\/v2\/comments?post=2047"}],"version-history":[{"count":9,"href":"https:\/\/valuevet.net\/es\/wp-json\/wp\/v2\/pages\/2047\/revisions"}],"predecessor-version":[{"id":3199,"href":"https:\/\/valuevet.net\/es\/wp-json\/wp\/v2\/pages\/2047\/revisions\/3199"}],"wp:attachment":[{"href":"https:\/\/valuevet.net\/es\/wp-json\/wp\/v2\/media?parent=2047"}],"curies":[{"name":"wp","href":"https:\/\/api.w.org\/{rel}","templated":true}]}}